{"id":360,"date":"2024-01-19T11:18:18","date_gmt":"2024-01-19T11:18:18","guid":{"rendered":"https:\/\/vs11.dvs.net\/?page_id=360"},"modified":"2024-01-19T18:44:42","modified_gmt":"2024-01-19T18:44:42","slug":"anfahrt","status":"publish","type":"page","link":"https:\/\/vs11.dvs.net\/?page_id=360","title":{"rendered":"Anfahrt"},"content":{"rendered":"<div data-colibri-id=\"360-c1\" class=\"style-390 style-local-360-c1 position-relative\">\n  <!---->\n  <div data-colibri-component=\"section\" data-colibri-id=\"360-c2\" id=\"reusable-sections\" class=\"h-section h-section-global-spacing d-flex align-items-lg-center align-items-md-center align-items-center style-391 style-local-360-c2 position-relative\">\n    <!---->\n    <!---->\n    <div style=\"height: 100px; bottom: calc(0px);\" class=\"h-separator\">\n      <svg style=\"fill:#f79007;\" xmlns=\"http:\/\/www.w3.org\/2000\/svg\" viewBox=\"0 0 1000 100\" preserveAspectRatio=\"none\">\n        <path class=\"svg-white-bg\" d=\"M737.9,94.7L0,0v100h1000V0L737.9,94.7z\"><\/path>\n      <\/svg>\n    <\/div>\n    <div class=\"h-section-grid-container h-section-boxed-container\">\n      <!---->\n      <div data-colibri-id=\"360-c3\" class=\"h-row-container gutters-row-lg-2 gutters-row-md-2 gutters-row-0 gutters-row-v-lg-2 gutters-row-v-md-2 gutters-row-v-2 style-392 style-local-360-c3 position-relative\">\n        <!---->\n        <div class=\"h-row justify-content-lg-center justify-content-md-center justify-content-center align-items-lg-stretch align-items-md-stretch align-items-stretch gutters-col-lg-2 gutters-col-md-2 gutters-col-0 gutters-col-v-lg-2 gutters-col-v-md-2 gutters-col-v-2\">\n          <!---->\n          <div class=\"h-column h-column-container d-flex h-col-lg-auto h-col-md-auto h-col-auto style-393-outer style-local-360-c4-outer\">\n            <div data-colibri-id=\"360-c4\" class=\"d-flex h-flex-basis h-column__inner h-px-lg-2 h-px-md-2 h-px-2 v-inner-lg-2 v-inner-md-2 v-inner-2 style-393 style-local-360-c4 position-relative\">\n              <!---->\n              <!---->\n              <div class=\"w-100 h-y-container h-column__content h-column__v-align flex-basis-100 align-self-lg-start align-self-md-start align-self-start\">\n                <!---->\n                <div data-colibri-id=\"360-c5\" class=\"h-global-transition-all h-heading style-394 style-local-360-c5 position-relative h-element\">\n                  <!---->\n                  <div class=\"h-heading__outer style-394 style-local-360-c5\">\n                    <!---->\n                    <!---->\n                    <h1 class=\"\">Anfahrt<\/h1>\n                  <\/div>\n                <\/div>\n              <\/div>\n            <\/div>\n          <\/div>\n        <\/div>\n      <\/div>\n      <div data-colibri-id=\"360-c6\" class=\"h-row-container gutters-row-lg-2 gutters-row-md-2 gutters-row-0 gutters-row-v-lg-2 gutters-row-v-md-2 gutters-row-v-2 style-395 style-local-360-c6 position-relative\">\n        <!---->\n        <div class=\"h-row justify-content-lg-center justify-content-md-center justify-content-center align-items-lg-stretch align-items-md-stretch align-items-stretch gutters-col-lg-2 gutters-col-md-2 gutters-col-0 gutters-col-v-lg-2 gutters-col-v-md-2 gutters-col-v-2\">\n          <!---->\n          <div class=\"h-column h-column-container d-flex h-col-lg-6 h-col-md-6 h-col-12 style-396-outer style-local-360-c7-outer\">\n            <div data-colibri-id=\"360-c7\" class=\"d-flex h-flex-basis h-column__inner h-px-lg-2 h-px-md-2 h-px-2 v-inner-lg-2 v-inner-md-2 v-inner-2 style-396 style-local-360-c7 position-relative\">\n              <!---->\n              <!---->\n              <div class=\"w-100 h-y-container h-column__content h-column__v-align flex-basis-100 align-self-lg-start align-self-md-start align-self-start\">\n                <!---->\n                <div data-colibri-id=\"360-c8\" class=\"h-text h-text-component style-397 style-local-360-c8 position-relative h-element\">\n                  <!---->\n                  <!---->\n                  <div class=\"\">\n                    <p>do&lt;a href=&#8220;https:\/\/www.freepik.com\/free-photo\/silhouette-young-business-woman-beige-suit-walking-city-center-posing-near-office-buildings_79668930.htm\/#query=arztpraxis%20au%C3%9Fen&amp;position=16&amp;from_view=search&amp;track=ais&amp;uuid=81b62e6b-2a5e-43cb-af76-f18b5f27183f&#8220;&gt;Image\n                      by benzoix&lt;\/a&gt; on Freepik<\/p>\n                  <\/div>\n                <\/div>\n              <\/div>\n            <\/div>\n          <\/div>\n          <div class=\"h-column h-column-container d-flex h-col-lg-6 h-col-md-6 h-col-12 style-398-outer style-local-360-c9-outer\">\n            <div data-colibri-id=\"360-c9\" class=\"d-flex h-flex-basis h-column__inner h-ui-empty-state-container h-px-lg-2 h-px-md-2 h-px-2 v-inner-lg-2 v-inner-md-2 v-inner-2 style-398 style-local-360-c9 position-relative\">\n              <!---->\n              <!---->\n              <div class=\"w-100 h-y-container h-column__content h-column__v-align flex-basis-100\">\n                <!---->\n              <\/div>\n            <\/div>\n          <\/div>\n        <\/div>\n      <\/div>\n    <\/div>\n  <\/div>\n  <div data-colibri-component=\"section\" data-colibri-id=\"360-c10\" id=\"contact\" class=\"h-section h-section-global-spacing d-flex align-items-lg-center align-items-md-center align-items-center style-404 style-local-360-c10 position-relative\">\n    <!---->\n    <!---->\n    <div class=\"h-section-grid-container h-section-boxed-container\">\n      <!---->\n      <div data-colibri-id=\"360-c11\" class=\"h-row-container gutters-row-lg-0 gutters-row-md-0 gutters-row-0 gutters-row-v-lg-0 gutters-row-v-md-0 gutters-row-v-0 style-405 style-local-360-c11 position-relative\">\n        <!---->\n        <div class=\"h-row justify-content-lg-center justify-content-md-center justify-content-center align-items-lg-stretch align-items-md-stretch align-items-stretch gutters-col-lg-0 gutters-col-md-0 gutters-col-0 gutters-col-v-lg-0 gutters-col-v-md-0 gutters-col-v-0\">\n          <!---->\n          <div class=\"h-column h-column-container d-flex h-col-lg-auto h-col-md-auto h-col-auto style-407-outer style-local-360-c12-outer\">\n            <div data-colibri-id=\"360-c12\" class=\"d-flex h-flex-basis h-column__inner h-px-lg-3 h-px-md-3 h-px-3 v-inner-lg-3 v-inner-md-3 v-inner-3 style-407 style-local-360-c12 position-relative\">\n              <!---->\n              <div style=\"height: 100px; top: calc(0px);\" class=\"h-separator\">\n                <svg style=\"fill:#03a9f4;\" xmlns=\"http:\/\/www.w3.org\/2000\/svg\" viewBox=\"0 0 1000 100\" preserveAspectRatio=\"none\">\n                  <path class=\"svg-white-bg\" d=\"M738,99l262-93V0H0v5.6L738,99z\"><\/path>\n                <\/svg>\n              <\/div>\n              <div class=\"w-100 h-y-container h-column__content h-column__v-align flex-basis-100 align-self-lg-center align-self-md-center align-self-center\">\n                <!---->\n                <div data-colibri-id=\"360-c13\" class=\"h-global-transition-all h-heading style-408 style-local-360-c13 position-relative h-element\">\n                  <!---->\n                  <div class=\"h-heading__outer style-408 style-local-360-c13\">\n                    <!---->\n                    <!---->\n                    <h2 class=\"\">\u00d6PNV \/ Parken<\/h2>\n                  <\/div>\n                <\/div>\n                <div data-colibri-id=\"360-c14\" class=\"h-text h-text-component style-409 style-local-360-c14 position-relative h-element\">\n                  <!---->\n                  <!---->\n                  <div class=\"\">\n                    <p>Mit den \u00f6ffentlichen Verkehrsmitteln erreichen Sie uns \u00fcber folgende Linien:<\/p>\n                  <\/div>\n                <\/div>\n                <div data-colibri-id=\"360-c15\" class=\"icon-list d-flex justify-content-lg-start justify-content-md-start justify-content-center style-410 style-local-360-c15 position-relative h-element\">\n                  <!---->\n                  <ul class=\"ul-list-icon vertical-on-desktop vertical-on-tablet vertical-on-mobile justify-content-lg-start justify-content-md-start justify-content-center\">\n                    <!---->\n                    <li class=\"list-item no-gutters\">\n                      <!---->\n                      <div class=\"list-container-divider d-flex justify-content-lg-start justify-content-md-start justify-content-center first-el-spacer\"><\/div> <span class=\"item-link no-gutters\"><div class=\"d-flex h-col no-gutters align-items-lg-center align-items-md-center align-items-center list-item-text-wrapper\"><div class=\"d-flex\"><span  class=\"h-svg-icon style-410-icon style-local-360-c15-icon\"><!--Icon by Font Awesome (https:\/\/fontawesome.com)-->\n    <svg version=\"1.1\" xmlns=\"http:\/\/www.w3.org\/2000\/svg\" xmlns:xlink=\"http:\/\/www.w3.org\/1999\/xlink\" id=\"bus\" viewBox=\"0 0 1536 1896.0833\">\n      <path d=\"M384 1216q0-53-37.5-90.5T256 1088t-90.5 37.5T128 1216t37.5 90.5T256 1344t90.5-37.5T384 1216zm1024 0q0-53-37.5-90.5T1280 1088t-90.5 37.5-37.5 90.5 37.5 90.5 90.5 37.5 90.5-37.5 37.5-90.5zm-46-396l-72-384q-5-23-22.5-37.5T1227 384H309q-23 0-40.5 14.5T246 436l-72 384q-5 30 14 53t49 23h1062q30 0 49-23t14-53zm-226-612q0-20-14-34t-34-14H448q-20 0-34 14t-14 34 14 34 34 14h640q20 0 34-14t14-34zm400 725v603h-128v128q0 53-37.5 90.5T1280 1792t-90.5-37.5-37.5-90.5v-128H384v128q0 53-37.5 90.5T256 1792t-90.5-37.5T128 1664v-128H0V933q0-112 25-223l103-454q9-78 97.5-137t230-89T768 0t312.5 30 230 89 97.5 137l105 454q23 102 23 223z\"><\/path>\n    <\/svg><\/span><\/div> <span class=\"list-text d-block\"><span>Bis Merziger Stra\u00dfe:<br>135, 752<br><br>Bis Lehnerstra\u00dfe:<br>134, 753<br><br>Bis Kahlenbergstra\u00dfe: <br>139, T5, T6<\/span><\/span>\n              <\/div>\n              <\/span>\n              <div class=\"list-container-divider d-flex justify-content-lg-start justify-content-md-start justify-content-center\">\n                <div class=\"list-divider\"><\/div>\n              <\/div>\n              <\/li>\n              <li class=\"list-item no-gutters\">\n                <!---->\n                <!---->\n                <a href=\"https:\/\/www.vrr.de\/de\/fahrplan-mobilitaet\/fahrplanauskunft\/app\/trip?formik=destination%3DstreetID%253A1500000175%253A97%253A5117000%253A-1%253AD%25C3%25BCsseldorfer%2520Stra%25C3%259Fe%253AM%25C3%25BClheim%2520a.d.%2520Ruhr%253AD%25C3%25BCsseldorfer%2520Stra%25C3%259Fe%253A%253AD%25C3%25BCsseldorfer%2520Stra%25C3%259Fe%253A45481%253AANY%253ADIVA_SINGLEHOUSE%253A765203%253A5306629%253AMRCV%253Anrw%253A0&amp;lng=de&amp;trip=multiModalitySelected%3Dpt\" target=\"_blank\" h-use-smooth-scroll=\"true\" class=\"item-link no-gutters\" rel=\"noopener\">\n                  <div class=\"d-flex h-col no-gutters align-items-lg-center align-items-md-center align-items-center list-item-text-wrapper\">\n                    <div class=\"d-flex\"><span class=\"h-svg-icon style-410-icon style-local-360-c15-icon\"><!--Icon by Icons8 Line Awesome (https:\/\/icons8.com\/line-awesome)--><svg version=\"1.1\" xmlns=\"http:\/\/www.w3.org\/2000\/svg\" xmlns:xlink=\"http:\/\/www.w3.org\/1999\/xlink\" id=\"bus\" viewBox=\"0 0 512 545.5\"><path d=\"M144 96h224c35.157 0 64 28.843 64 64v80h32v48h-32v176c0 8.832-7.168 16-16 16h-48l-5.5-16h-213l-5.5 16H96c-8.832 0-16-7.168-16-16V288H48v-48h32v-80c0-35.157 28.843-64 64-64zm0 32c-17.866 0-32 14.134-32 32h288c0-17.866-14.134-32-32-32H144zm-32 64v112h128V192H112zm160 0v112h128V192H272zM112 336v96h288v-96H112zm16 32h64v32h-64v-32zm192 0h64v32h-64v-32z\"><\/path><\/svg><\/span><\/div>\n                    <span class=\"list-text d-block\"><span>Routenplanung (externer Link)<\/span><\/span>\n                  <\/div>\n                <\/a>\n                <div class=\"list-container-divider d-flex justify-content-lg-start justify-content-md-start justify-content-center\">\n                  <div class=\"list-divider\"><\/div>\n                <\/div>\n              <\/li>\n              <li class=\"list-item no-gutters\">\n                <!---->\n                <!----><span class=\"item-link no-gutters\"><div class=\"d-flex h-col no-gutters align-items-lg-center align-items-md-center align-items-center list-item-text-wrapper\"><div class=\"d-flex\"><span  class=\"h-svg-icon style-410-icon style-local-360-c15-icon\"><!--Icon by Icons8 Line Awesome (https:\/\/icons8.com\/line-awesome)--><svg version=\"1.1\" xmlns=\"http:\/\/www.w3.org\/2000\/svg\" xmlns:xlink=\"http:\/\/www.w3.org\/1999\/xlink\" id=\"map-marker\" viewBox=\"0 0 512 545.5\"><path d=\"M256 80c79.336 0 144 64.664 144 144 0 22.5-9.116 48.313-21.5 76.5s-28.314 58.098-44.5 86C301.628 442.306 269 489 269 489l-13 19-13-19s-32.628-46.694-65-102.5c-16.186-27.902-32.116-57.813-44.5-86S112 246.5 112 224c0-79.336 64.664-144 144-144zm0 32c-62.04 0-112 49.96-112 112 0 12.844 6.884 37.06 18.5 63.5s27.686 55.738 43.5 83c25.155 43.364 40.74 66.3 50 80 9.26-13.7 24.845-36.636 50-80 15.815-27.262 31.884-56.56 43.5-83S368 236.844 368 224c0-62.04-49.96-112-112-112zm0 80c17.673 0 32 14.327 32 32s-14.327 32-32 32-32-14.327-32-32 14.327-32 32-32z\"><\/path><\/svg><\/span><\/div>\n            <span class=\"list-text d-block\"><span>D\u00fcsseldorfer Stra\u00dfe 97-99<br>45481 M\u00fclheim an der Ruhr<\/span><\/span>\n          <\/div>\n          <\/span>\n          <div class=\"list-container-divider d-flex justify-content-lg-start justify-content-md-start justify-content-center\">\n            <div class=\"list-divider\"><\/div>\n          <\/div>\n          <\/li>\n          <li class=\"list-item no-gutters\">\n            <!---->\n            <!----><span class=\"item-link no-gutters\"><div class=\"d-flex h-col no-gutters align-items-lg-center align-items-md-center align-items-center list-item-text-wrapper\"><div class=\"d-flex\"><span  class=\"h-svg-icon style-410-icon style-local-360-c15-icon\"><!--Icon by Icons8 Line Awesome (https:\/\/icons8.com\/line-awesome)--><svg version=\"1.1\" xmlns=\"http:\/\/www.w3.org\/2000\/svg\" xmlns:xlink=\"http:\/\/www.w3.org\/1999\/xlink\" id=\"car\" viewBox=\"0 0 512 545.5\"><path d=\"M152 128h208c21.122 0 39.924 13.76 46 34l22 73.5 31-10.5 10 30-31.5 10.5 10 34c.28 1.086.508 2.878.508 4 0 .138-.004.362-.008.5v112c.027.345.05.904.05 1.25s-.023.905-.05 1.25V432c0 8.832-7.168 16-16 16h-48l-5.5-16h-245l-5.5 16H80c-8.832 0-16-7.168-16-16v-14.5c-.01-.207-.018-.543-.018-.75s.008-.543.018-.75V304c-.004-.138-.008-.362-.008-.5 0-1.122.228-2.914.508-4l10-34L43 255l10-30 31 10.5 22-73.5c6.073-20.252 24.878-34 46-34zm0 32c-7.134 0-13.445 4.647-15.5 11.5L116 240h280l-20.5-68.5c-2.052-6.832-8.366-11.5-15.5-11.5H152zm-45.5 112L96 307v93h320v-93l-10.5-35h-299zm29.5 16c13.255 0 24 10.745 24 24s-10.745 24-24 24-24-10.745-24-24 10.745-24 24-24zm240 0c13.255 0 24 10.745 24 24s-10.745 24-24 24-24-10.745-24-24 10.745-24 24-24zm-184 48h128l20 48h-34.5l-7-16h-85l-7 16H172z\"><\/path><\/svg><\/span><\/div>\n        <span class=\"list-text d-block\"><span>Parken k\u00f6nnen Sie Ihr Auto gerne f\u00fcr die Dauer Ihres Besuchs auf dem Innenhof. <br><br>Die Einfahrt befindet sich links neben dem Eingang. <\/span><\/span>\n      <\/div>\n      <\/span>\n      <div class=\"list-container-divider d-flex justify-content-lg-start justify-content-md-start justify-content-center\" style=\"display: none;\">\n        <div class=\"list-divider\"><\/div>\n      <\/div>\n      <div class=\"list-container-divider d-flex justify-content-lg-start justify-content-md-start justify-content-center last-el-spacer\"><\/div>\n      <\/li>\n      <\/ul>\n    <\/div>\n  <\/div>\n<\/div>\n<\/div>\n<div class=\"h-column h-column-container d-flex h-col-lg-auto h-col-md-auto h-col-auto style-406-outer style-local-360-c16-outer\">\n  <div data-colibri-id=\"360-c16\" class=\"d-flex h-flex-basis h-column__inner h-px-lg-0 h-px-md-0 h-px-0 v-inner-lg-0 v-inner-md-0 v-inner-0 style-406 style-local-360-c16 position-relative\">\n    <!---->\n    <!---->\n    <div class=\"w-100 h-y-container h-column__content h-column__v-align flex-basis-100 align-self-lg-center align-self-md-center align-self-center\">\n      <!---->\n      <div data-colibri-id=\"360-c17\" class=\"h-map style-411 style-local-360-c17 position-relative h-element\" style=\"overflow: hidden;\">\n        <!---->\n        <iframe src=\"https:\/\/www.google.com\/maps\/embed\/v1\/place?q=Bucharest,%20Romania&amp;zoom=10&amp;key=\" class=\"map-iframe\"><\/iframe>\n      <\/div>\n    <\/div>\n  <\/div>\n<\/div>\n<\/div>\n<\/div>\n<\/div>\n<\/div>\n<\/div>","protected":false},"excerpt":{"rendered":"<p>Anfahrt do&lt;a href=&#8220;https:\/\/www.freepik.com\/free-photo\/silhouette-young-business-woman-beige-suit-walking-city-center-posing-near-office-buildings_79668930.htm\/#query=arztpraxis%20au%C3%9Fen&amp;position=16&amp;from_view=search&amp;track=ais&amp;uuid=81b62e6b-2a5e-43cb-af76-f18b5f27183f&#8220;&gt;Image by benzoix&lt;\/a&gt; on Freepik \u00d6PNV \/ Parken Mit den \u00f6ffentlichen Verkehrsmitteln erreichen Sie uns \u00fcber folgende Linien: Bis Merziger Stra\u00dfe:135, 752Bis Lehnerstra\u00dfe:134, 753Bis Kahlenbergstra\u00dfe: 139, T5, T6 Routenplanung (externer Link) D\u00fcsseldorfer Stra\u00dfe 97-9945481 M\u00fclheim an der Ruhr Parken k\u00f6nnen Sie Ihr Auto gerne f\u00fcr die Dauer Ihres Besuchs auf dem Innenhof. Die [&hellip;]<\/p>\n","protected":false},"author":2,"featured_media":0,"parent":0,"menu_order":0,"comment_status":"closed","ping_status":"closed","template":"page-templates\/full-width-page.php","meta":{"footnotes":""},"class_list":["post-360","page","type-page","status-publish","hentry"],"_links":{"self":[{"href":"https:\/\/vs11.dvs.net\/index.php?rest_route=\/wp\/v2\/pages\/360","targetHints":{"allow":["GET"]}}],"collection":[{"href":"https:\/\/vs11.dvs.net\/index.php?rest_route=\/wp\/v2\/pages"}],"about":[{"href":"https:\/\/vs11.dvs.net\/index.php?rest_route=\/wp\/v2\/types\/page"}],"author":[{"embeddable":true,"href":"https:\/\/vs11.dvs.net\/index.php?rest_route=\/wp\/v2\/users\/2"}],"replies":[{"embeddable":true,"href":"https:\/\/vs11.dvs.net\/index.php?rest_route=%2Fwp%2Fv2%2Fcomments&post=360"}],"version-history":[{"count":11,"href":"https:\/\/vs11.dvs.net\/index.php?rest_route=\/wp\/v2\/pages\/360\/revisions"}],"predecessor-version":[{"id":696,"href":"https:\/\/vs11.dvs.net\/index.php?rest_route=\/wp\/v2\/pages\/360\/revisions\/696"}],"wp:attachment":[{"href":"https:\/\/vs11.dvs.net\/index.php?rest_route=%2Fwp%2Fv2%2Fmedia&parent=360"}],"curies":[{"name":"wp","href":"https:\/\/api.w.org\/{rel}","templated":true}]}}